{"id":19,"date":"2023-09-20T12:43:05","date_gmt":"2023-09-20T12:43:05","guid":{"rendered":"https:\/\/bridge488.qodeinteractive.com\/?page_id=19"},"modified":"2026-03-03T10:23:04","modified_gmt":"2026-03-03T10:23:04","slug":"main-home","status":"publish","type":"page","link":"https:\/\/hegg-immobilien.ch\/","title":{"rendered":"Main Home"},"content":{"rendered":"\t\t<div data-elementor-type=\"wp-page\" data-elementor-id=\"19\" class=\"elementor elementor-19\" data-elementor-post-type=\"page\">\n\t\t\t\t<div data-q_id=\"#home\" style=\"background-image: url(https:\/\/hegg-immobilien.ch\/wp-content\/uploads\/2026\/02\/main-home-img-1.jpg);\" class=\"parallax_section_holder elementor-element elementor-element-495e093 e-con-full parallax_section_holder elementor-hidden-mobile e-flex qode_elementor_container_no e-con e-parent\" data-speed=\"0.04\" data-id=\"495e093\" data-element_type=\"container\" data-e-type=\"container\" data-settings=\"{&quot;background_background&quot;:&quot;classic&quot;,&quot;qode_parallax_image&quot;:{&quot;url&quot;:&quot;https:\\\/\\\/hegg-immobilien.ch\\\/wp-content\\\/uploads\\\/2026\\\/02\\\/main-home-img-1.jpg&quot;,&quot;id&quot;:10219,&quot;size&quot;:&quot;&quot;,&quot;alt&quot;:&quot;&quot;,&quot;source&quot;:&quot;library&quot;}}\">\n\t\t\t\t<\/div>\n\t\t<div class=\"elementor-element elementor-element-8f1c293 elementor-hidden-desktop elementor-hidden-tablet e-flex e-con-boxed parallax_section_no qode_elementor_container_no e-con e-parent\" data-id=\"8f1c293\" data-element_type=\"container\" data-e-type=\"container\" data-settings=\"{&quot;background_background&quot;:&quot;classic&quot;}\">\n\t\t\t\t\t<div class=\"e-con-inner\">\n\t\t\t\t\t<\/div>\n\t\t\t\t<\/div>\n\t\t<div class=\"elementor-element elementor-element-6dd570d e-con-full qode_elementor_container_inner e-flex parallax_section_no e-con e-parent\" data-id=\"6dd570d\" data-element_type=\"container\" data-e-type=\"container\" data-settings=\"{&quot;background_background&quot;:&quot;classic&quot;}\">\n\t\t<div class=\"elementor-element elementor-element-ce243ee e-con-full e-flex parallax_section_no qode_elementor_container_no e-con e-child\" data-id=\"ce243ee\" data-element_type=\"container\" data-e-type=\"container\">\n\t\t<div data-q_id=\"#about\" class=\"elementor-element elementor-element-7be6372 e-flex e-con-boxed parallax_section_no qode_elementor_container_no e-con e-child\" data-id=\"7be6372\" data-element_type=\"container\" data-e-type=\"container\">\n\t\t\t\t\t<div class=\"e-con-inner\">\n\t\t\t\t<div class=\"elementor-element elementor-element-4a73978 elementor-widget elementor-widget-bridge_icon\" data-id=\"4a73978\" data-element_type=\"widget\" data-e-type=\"widget\" data-widget_type=\"bridge_icon.default\">\n\t\t\t\t<div class=\"elementor-widget-container\">\n\t\t\t\t\t<span data-type=\"normal\"  class=\"qode_icon_shortcode  q_font_awsome_icon fa-lg pull-left \" style=\" \"><span aria-hidden=\"true\" class=\"qode_icon_font_elegant icon_circle-empty qode_icon_element\" style=\"font-size: 12px;color: #1B3942;\" ><\/span><\/span>\t\t\t\t<\/div>\n\t\t\t\t<\/div>\n\t\t\t\t<div class=\"elementor-element elementor-element-59d29be elementor-widget elementor-widget-bridge_custom_font\" data-id=\"59d29be\" data-element_type=\"widget\" data-e-type=\"widget\" data-widget_type=\"bridge_custom_font.default\">\n\t\t\t\t<div class=\"elementor-widget-container\">\n\t\t\t\t\t<div class=\"custom_font_holder \" style=\"font-family: Source Sans Pro; font-style: normal; font-weight: 600; color: #1B3942; text-decoration: none; letter-spacing: 1.728px; text-align: left; --qode-cf-font-size: 15px; --qode-cf-line-height: 22px; --qode-cf-font-size-1440: 15px; --qode-cf-line-height-1440: 22px; --qode-cf-font-size-1366: 15px; --qode-cf-line-height-1366: 22px; --qode-cf-font-size-1280: 15px; --qode-cf-line-height-1280: 22px; --qode-cf-font-size-1024: 15px; --qode-cf-line-height-1024: 22px; --qode-cf-font-size-768: 15px; --qode-cf-line-height-768: 22px; --qode-cf-font-size-680: 15px; --qode-cf-line-height-680: 22px; --qode-cf-font-size-480: 15px; --qode-cf-line-height-480: 22px;\">ABOUT US<\/div>\t\t\t\t<\/div>\n\t\t\t\t<\/div>\n\t\t\t\t\t<\/div>\n\t\t\t\t<\/div>\n\t\t<div class=\"elementor-element elementor-element-273f167 e-flex e-con-boxed parallax_section_no qode_elementor_container_no e-con e-child\" data-id=\"273f167\" data-element_type=\"container\" data-e-type=\"container\">\n\t\t\t\t\t<div class=\"e-con-inner\">\n\t\t\t\t<div class=\"elementor-element elementor-element-a3bdcd5 elementor-widget elementor-widget-heading\" data-id=\"a3bdcd5\" data-element_type=\"widget\" data-e-type=\"widget\" data-widget_type=\"heading.default\">\n\t\t\t\t\t<h2 class=\"elementor-heading-title elementor-size-default\">Liegenschaften \nbegeistern uns.<\/h2>\t\t\t\t<\/div>\n\t\t\t\t\t<\/div>\n\t\t\t\t<\/div>\n\t\t\t\t<\/div>\n\t\t<div class=\"elementor-element elementor-element-d8a7b2f e-con-full e-flex parallax_section_no qode_elementor_container_no e-con e-child\" data-id=\"d8a7b2f\" data-element_type=\"container\" data-e-type=\"container\">\n\t\t\t\t<div class=\"elementor-element elementor-element-d04ac90 elementor-widget elementor-widget-bridge_custom_font\" data-id=\"d04ac90\" data-element_type=\"widget\" data-e-type=\"widget\" data-widget_type=\"bridge_custom_font.default\">\n\t\t\t\t<div class=\"elementor-widget-container\">\n\t\t\t\t\t<div class=\"custom_font_holder \" style=\"font-family: Source Sans Pro; font-style: normal; font-weight: 400; color: #1B3942; text-decoration: none; text-align: left; --qode-cf-font-size: 22px; --qode-cf-line-height: 30px; --qode-cf-font-size-1440: 22px; --qode-cf-line-height-1440: 30px; --qode-cf-font-size-1366: 22px; --qode-cf-line-height-1366: 30px; --qode-cf-font-size-1280: 22px; --qode-cf-line-height-1280: 30px; --qode-cf-font-size-1024: 22px; --qode-cf-line-height-1024: 30px; --qode-cf-font-size-768: 22px; --qode-cf-line-height-768: 30px; --qode-cf-font-size-680: 22px; --qode-cf-line-height-680: 30px; --qode-cf-font-size-480: 22px; --qode-cf-line-height-480: 30px;\">Seit f\u00fcnf Generationen sind wir als Handwerker, Bauherren und Verk\u00e4ufer mit Begeisterung in den Liegenschaften vertreten.<\/div>\t\t\t\t<\/div>\n\t\t\t\t<\/div>\n\t\t\t\t<\/div>\n\t\t\t\t<\/div>\n\t\t<div class=\"elementor-element elementor-element-ce6b90a e-con-full qode_elementor_container_inner e-flex parallax_section_no e-con e-parent\" data-id=\"ce6b90a\" data-element_type=\"container\" data-e-type=\"container\">\n\t\t<div class=\"elementor-element elementor-element-fa0275d e-flex e-con-boxed parallax_section_no qode_elementor_container_no e-con e-child\" data-id=\"fa0275d\" data-element_type=\"container\" data-e-type=\"container\">\n\t\t\t\t\t<div class=\"e-con-inner\">\n\t\t\t\t<div class=\"elementor-element elementor-element-ddecf59 elementor-widget elementor-widget-bridge_image_hover\" data-id=\"ddecf59\" data-element_type=\"widget\" data-e-type=\"widget\" data-widget_type=\"bridge_image_hover.default\">\n\t\t\t\t<div class=\"elementor-widget-container\">\n\t\t\t\t\t<div class=\"image_hover \" data-transition-delay=\"\"><div class=\"images_holder\"><img decoding=\"async\" itemprop=\"image\" class=\"\" src=\"https:\/\/hegg-immobilien.ch\/wp-content\/uploads\/2026\/02\/hegg-partner-immobilien-img-2-1.jpg\" alt=\"Main Image\" style=\"\" \/><\/div><\/div>\t\t\t\t<\/div>\n\t\t\t\t<\/div>\n\t\t\t\t<div class=\"elementor-element elementor-element-1e38e1d elementor-widget elementor-widget-heading\" data-id=\"1e38e1d\" data-element_type=\"widget\" data-e-type=\"widget\" data-widget_type=\"heading.default\">\n\t\t\t\t\t<h4 class=\"elementor-heading-title elementor-size-default\">Kompetenz seit 2017<\/h4>\t\t\t\t<\/div>\n\t\t\t\t<div class=\"elementor-element elementor-element-f198260 elementor-widget elementor-widget-text-editor\" data-id=\"f198260\" data-element_type=\"widget\" data-e-type=\"widget\" data-widget_type=\"text-editor.default\">\n\t\t\t\t\t\t\t\t\t<p>Die Hegg und Partner Immobilien AG wurde im Jahr 2017 gegr\u00fcndet und hat ihren Sitz in M\u00fcnchenbuchsee. Pr\u00e4sidentin der AG ist Stina Kistler-Hegg. Seit Beginn bezweckt die Gesellschaft die Entwicklung, den Bau, den Erwerb, die Bewirtschaftung, die Vermietung, die Verwaltung sowie die Ver\u00e4usserung von Grundst\u00fccken und aller damit verbundenen Dienstleistungen.<\/p>\t\t\t\t\t\t\t\t<\/div>\n\t\t\t\t\t<\/div>\n\t\t\t\t<\/div>\n\t\t<div class=\"elementor-element elementor-element-89a7440 e-flex e-con-boxed parallax_section_no qode_elementor_container_no e-con e-child\" data-id=\"89a7440\" data-element_type=\"container\" data-e-type=\"container\">\n\t\t\t\t\t<div class=\"e-con-inner\">\n\t\t\t\t<div class=\"elementor-element elementor-element-c1ebbaf elementor-widget elementor-widget-bridge_image_hover\" data-id=\"c1ebbaf\" data-element_type=\"widget\" data-e-type=\"widget\" data-widget_type=\"bridge_image_hover.default\">\n\t\t\t\t<div class=\"elementor-widget-container\">\n\t\t\t\t\t<div class=\"image_hover hovered\" data-transition-delay=\"\"><div class=\"images_holder\"><img decoding=\"async\" itemprop=\"image\" class=\"\" src=\"https:\/\/hegg-immobilien.ch\/wp-content\/uploads\/2026\/03\/hegg-partner-immobilien-img-2-4.jpg\" alt=\"Main Image\" style=\"\" \/><\/div><\/div>\t\t\t\t<\/div>\n\t\t\t\t<\/div>\n\t\t\t\t<div class=\"elementor-element elementor-element-86a1539 elementor-widget elementor-widget-heading\" data-id=\"86a1539\" data-element_type=\"widget\" data-e-type=\"widget\" data-widget_type=\"heading.default\">\n\t\t\t\t\t<h4 class=\"elementor-heading-title elementor-size-default\">Stina Kistler-Hegg<\/h4>\t\t\t\t<\/div>\n\t\t\t\t<div class=\"elementor-element elementor-element-60897c4 elementor-widget elementor-widget-text-editor\" data-id=\"60897c4\" data-element_type=\"widget\" data-e-type=\"widget\" data-widget_type=\"text-editor.default\">\n\t\t\t\t\t\t\t\t\t<p>Stina Kistler-Hegg (eidg. dipl. Immobilien-Treuh\u00e4nderin) bringt Fachwissen, mehr als 15 Jahre Erfahrung und ein breites Netzwerk mit, um Ihre Immobilie erfolgreich zu verkaufen.<\/p>\t\t\t\t\t\t\t\t<\/div>\n\t\t\t\t<div class=\"elementor-element elementor-element-f16808a elementor-widget elementor-widget-button\" data-id=\"f16808a\" data-element_type=\"widget\" data-e-type=\"widget\" data-widget_type=\"button.default\">\n\t\t\t\t\t\t\t\t\t\t<a class=\"elementor-button elementor-button-link elementor-size-sm\" href=\"#elementor-action%3Aaction%3Dpopup%3Aopen%26settings%3DeyJpZCI6IjEwMzM4IiwidG9nZ2xlIjpmYWxzZX0%3D\">\n\t\t\t\t\t\t<span class=\"elementor-button-content-wrapper\">\n\t\t\t\t\t\t\t\t\t<span class=\"elementor-button-text\">mehr \u00fcber mich<\/span>\n\t\t\t\t\t<\/span>\n\t\t\t\t\t<\/a>\n\t\t\t\t\t\t\t\t<\/div>\n\t\t\t\t\t<\/div>\n\t\t\t\t<\/div>\n\t\t<div class=\"elementor-element elementor-element-4b7d607 e-flex e-con-boxed parallax_section_no qode_elementor_container_no e-con e-child\" data-id=\"4b7d607\" data-element_type=\"container\" data-e-type=\"container\">\n\t\t\t\t\t<div class=\"e-con-inner\">\n\t\t\t\t<div class=\"elementor-element elementor-element-44a2664 elementor-widget elementor-widget-bridge_image_hover\" data-id=\"44a2664\" data-element_type=\"widget\" data-e-type=\"widget\" data-widget_type=\"bridge_image_hover.default\">\n\t\t\t\t<div class=\"elementor-widget-container\">\n\t\t\t\t\t<div class=\"image_hover \" data-transition-delay=\"\"><div class=\"images_holder\"><img decoding=\"async\" itemprop=\"image\" class=\"\" src=\"https:\/\/hegg-immobilien.ch\/wp-content\/uploads\/2026\/02\/hegg-partner-immobilien-img-2-2.jpg\" alt=\"Main Image\" style=\"\" \/><\/div><\/div>\t\t\t\t<\/div>\n\t\t\t\t<\/div>\n\t\t\t\t<div class=\"elementor-element elementor-element-7dfb4ee elementor-widget elementor-widget-heading\" data-id=\"7dfb4ee\" data-element_type=\"widget\" data-e-type=\"widget\" data-widget_type=\"heading.default\">\n\t\t\t\t\t<h4 class=\"elementor-heading-title elementor-size-default\">Unverbindliche Beratung<\/h4>\t\t\t\t<\/div>\n\t\t\t\t<div class=\"elementor-element elementor-element-6b50c0a elementor-widget elementor-widget-text-editor\" data-id=\"6b50c0a\" data-element_type=\"widget\" data-e-type=\"widget\" data-widget_type=\"text-editor.default\">\n\t\t\t\t\t\t\t\t\t<p>Wir w\u00fcrden uns freuen, Sie zu unseren zufriedenen Kunden z\u00e4hlen zu d\u00fcrfen. Um Ihnen eine fundierte Entscheidungsgrundlage f\u00fcr eine m\u00f6gliche Zusammenarbeit zu geben, stellen wir uns und unsere Dienstleistungen unverbindlich und kostenlos bei Ihnen zu Hause vor und nehmen Ihre Bed\u00fcrfnisse auf.<\/p>\t\t\t\t\t\t\t\t<\/div>\n\t\t\t\t\t<\/div>\n\t\t\t\t<\/div>\n\t\t\t\t<\/div>\n\t\t<div style=\"background-image: url(https:\/\/hegg-immobilien.ch\/wp-content\/uploads\/2026\/02\/main-home-parallax-1.jpg);\" class=\"parallax_section_holder elementor-element elementor-element-710c44c e-con-full parallax_section_holder elementor-hidden-mobile e-flex qode_elementor_container_no e-con e-parent\" data-speed=\"0.04\" data-id=\"710c44c\" data-element_type=\"container\" data-e-type=\"container\" data-settings=\"{&quot;background_background&quot;:&quot;classic&quot;,&quot;qode_parallax_image&quot;:{&quot;url&quot;:&quot;https:\\\/\\\/hegg-immobilien.ch\\\/wp-content\\\/uploads\\\/2026\\\/02\\\/main-home-parallax-1.jpg&quot;,&quot;id&quot;:10224,&quot;size&quot;:&quot;&quot;,&quot;alt&quot;:&quot;&quot;,&quot;source&quot;:&quot;library&quot;}}\">\n\t\t\t\t<\/div>\n\t\t<div class=\"elementor-element elementor-element-c9d0164 elementor-hidden-desktop elementor-hidden-tablet e-flex e-con-boxed parallax_section_no qode_elementor_container_no e-con e-parent\" data-id=\"c9d0164\" data-element_type=\"container\" data-e-type=\"container\" data-settings=\"{&quot;background_background&quot;:&quot;classic&quot;}\">\n\t\t\t\t\t<div class=\"e-con-inner\">\n\t\t\t\t\t<\/div>\n\t\t\t\t<\/div>\n\t\t<div data-q_id=\"#contact\" class=\"elementor-element elementor-element-54249d76 e-con-full qode_elementor_container_inner e-flex parallax_section_no e-con e-parent\" data-id=\"54249d76\" data-element_type=\"container\" data-e-type=\"container\">\n\t\t<div class=\"elementor-element elementor-element-73524f21 e-con-full e-flex parallax_section_no qode_elementor_container_no e-con e-child\" data-id=\"73524f21\" data-element_type=\"container\" data-e-type=\"container\">\n\t\t<div class=\"elementor-element elementor-element-626d3790 e-con-full e-flex parallax_section_no qode_elementor_container_no e-con e-child\" data-id=\"626d3790\" data-element_type=\"container\" data-e-type=\"container\">\n\t\t\t\t<div class=\"elementor-element elementor-element-1ad6ece8 elementor-widget elementor-widget-bridge_icon\" data-id=\"1ad6ece8\" data-element_type=\"widget\" data-e-type=\"widget\" data-widget_type=\"bridge_icon.default\">\n\t\t\t\t<div class=\"elementor-widget-container\">\n\t\t\t\t\t<span data-type=\"normal\"  class=\"qode_icon_shortcode  q_font_awsome_icon fa-lg pull-left \" style=\" \"><span aria-hidden=\"true\" class=\"qode_icon_font_elegant icon_circle-empty qode_icon_element\" style=\"font-size: 12px;color: #1B3942;\" ><\/span><\/span>\t\t\t\t<\/div>\n\t\t\t\t<\/div>\n\t\t\t\t<div class=\"elementor-element elementor-element-66aeb43d elementor-widget elementor-widget-bridge_custom_font\" data-id=\"66aeb43d\" data-element_type=\"widget\" data-e-type=\"widget\" data-widget_type=\"bridge_custom_font.default\">\n\t\t\t\t<div class=\"elementor-widget-container\">\n\t\t\t\t\t<div class=\"custom_font_holder \" style=\"font-family: Source Sans Pro; font-style: normal; font-weight: 600; color: #1B3942; text-decoration: none; letter-spacing: 1.728px; text-align: left; --qode-cf-font-size: 15px; --qode-cf-line-height: 22px; --qode-cf-font-size-1440: 15px; --qode-cf-line-height-1440: 22px; --qode-cf-font-size-1366: 15px; --qode-cf-line-height-1366: 22px; --qode-cf-font-size-1280: 15px; --qode-cf-line-height-1280: 22px; --qode-cf-font-size-1024: 15px; --qode-cf-line-height-1024: 22px; --qode-cf-font-size-768: 15px; --qode-cf-line-height-768: 22px; --qode-cf-font-size-680: 15px; --qode-cf-line-height-680: 22px; --qode-cf-font-size-480: 15px; --qode-cf-line-height-480: 22px;\">CONTACT<\/div>\t\t\t\t<\/div>\n\t\t\t\t<\/div>\n\t\t\t\t<\/div>\n\t\t\t\t<div class=\"elementor-element elementor-element-53be9d3e elementor-widget__width-initial elementor-widget elementor-widget-heading\" data-id=\"53be9d3e\" data-element_type=\"widget\" data-e-type=\"widget\" data-widget_type=\"heading.default\">\n\t\t\t\t\t<h2 class=\"elementor-heading-title elementor-size-default\">Lernen Sie uns unverbindlich\nund pers\u00f6nnlich kennen<\/h2>\t\t\t\t<\/div>\n\t\t\t\t<div class=\"elementor-element elementor-element-6fcf645a elementor-widget__width-initial elementor-widget elementor-widget-bridge_cf_7\" data-id=\"6fcf645a\" data-element_type=\"widget\" data-e-type=\"widget\" data-widget_type=\"bridge_cf_7.default\">\n\t\t\t\t<div class=\"elementor-widget-container\">\n\t\t\t\t\t    <div class=\"qode-contact-form-7 qode-contact-form-7-0\">\n    \n<div class=\"wpcf7 no-js\" id=\"wpcf7-f8862-o1\" lang=\"en-US\" dir=\"ltr\" data-wpcf7-id=\"8862\">\n<div class=\"screen-reader-response\"><p role=\"status\" aria-live=\"polite\" aria-atomic=\"true\"><\/p> <ul><\/ul><\/div>\n<form action=\"\/index.php?rest_route=%2Fwp%2Fv2%2Fpages%2F19#wpcf7-f8862-o1\" method=\"post\" class=\"wpcf7-form init cf7_custom_style_2\" aria-label=\"Contact form\" novalidate=\"novalidate\" data-status=\"init\">\n<fieldset class=\"hidden-fields-container\"><input type=\"hidden\" name=\"_wpcf7\" value=\"8862\" \/><input type=\"hidden\" name=\"_wpcf7_version\" value=\"6.1.5\" \/><input type=\"hidden\" name=\"_wpcf7_locale\" value=\"en_US\" \/><input type=\"hidden\" name=\"_wpcf7_unit_tag\" value=\"wpcf7-f8862-o1\" \/><input type=\"hidden\" name=\"_wpcf7_container_post\" value=\"0\" \/><input type=\"hidden\" name=\"_wpcf7_posted_data_hash\" value=\"\" \/>\n<\/fieldset>\n<span class=\"wpcf7-form-control-wrap\" data-name=\"text-773\"><input size=\"40\" maxlength=\"400\" class=\"wpcf7-form-control wpcf7-text wpcf7-validates-as-required\" aria-required=\"true\" aria-invalid=\"false\" placeholder=\"Vor-\/Nachname\" value=\"\" type=\"text\" name=\"text-773\" \/><\/span>\n<span class=\"wpcf7-form-control-wrap\" data-name=\"email-78\"><input size=\"40\" maxlength=\"400\" class=\"wpcf7-form-control wpcf7-email wpcf7-validates-as-required wpcf7-text wpcf7-validates-as-email\" aria-required=\"true\" aria-invalid=\"false\" placeholder=\"Email\" value=\"\" type=\"email\" name=\"email-78\" \/><\/span>\n<span class=\"wpcf7-form-control-wrap\" data-name=\"textarea-903\"><textarea cols=\"40\" rows=\"10\" maxlength=\"2000\" class=\"wpcf7-form-control wpcf7-textarea wpcf7-validates-as-required\" aria-required=\"true\" aria-invalid=\"false\" placeholder=\"Nachricht\" name=\"textarea-903\"><\/textarea><\/span>\n<input class=\"wpcf7-form-control wpcf7-submit has-spinner\" type=\"submit\" value=\"Anfrage Senden\" \/><div class=\"wpcf7-response-output\" aria-hidden=\"true\"><\/div>\n<\/form>\n<\/div>\n    <\/div>\n\t\t\t\t<\/div>\n\t\t\t\t<\/div>\n\t\t\t\t<\/div>\n\t\t<div class=\"elementor-element elementor-element-6d8b440b e-con-full e-flex parallax_section_no qode_elementor_container_no e-con e-child\" data-id=\"6d8b440b\" data-element_type=\"container\" data-e-type=\"container\">\n\t\t\t\t<div class=\"elementor-element elementor-element-e1bba85 elementor-hidden-mobile elementor-widget elementor-widget-bridge_image_hover\" data-id=\"e1bba85\" data-element_type=\"widget\" data-e-type=\"widget\" data-widget_type=\"bridge_image_hover.default\">\n\t\t\t\t<div class=\"elementor-widget-container\">\n\t\t\t\t\t<div class=\"image_hover \" data-transition-delay=\"\"><div class=\"images_holder\"><img decoding=\"async\" itemprop=\"image\" class=\"\" src=\"https:\/\/hegg-immobilien.ch\/wp-content\/uploads\/2026\/02\/hegg-partner-immobilien-img-3.jpg\" alt=\"Main Image\" style=\"\" \/><\/div><\/div>\t\t\t\t<\/div>\n\t\t\t\t<\/div>\n\t\t\t\t<\/div>\n\t\t\t\t<\/div>\n\t\t<div class=\"elementor-element elementor-element-b1eeb06 e-flex e-con-boxed parallax_section_no qode_elementor_container_no e-con e-parent\" data-id=\"b1eeb06\" data-element_type=\"container\" data-e-type=\"container\" data-settings=\"{&quot;background_background&quot;:&quot;classic&quot;}\">\n\t\t\t\t\t<div class=\"e-con-inner\">\n\t\t<div class=\"elementor-element elementor-element-1cf2b73 e-con-full e-flex parallax_section_no qode_elementor_container_no e-con e-child\" data-id=\"1cf2b73\" data-element_type=\"container\" data-e-type=\"container\" data-settings=\"{&quot;background_background&quot;:&quot;classic&quot;}\">\n\t\t\t\t<div class=\"elementor-element elementor-element-c8a8ad3 elementor-widget__width-initial elementor-widget elementor-widget-bridge_custom_font\" data-id=\"c8a8ad3\" data-element_type=\"widget\" data-e-type=\"widget\" data-widget_type=\"bridge_custom_font.default\">\n\t\t\t\t<div class=\"elementor-widget-container\">\n\t\t\t\t\t<div class=\"custom_font_holder \" style=\"font-family: PT Serif; font-style: italic; font-weight: 400; color: #FFFFFF; text-decoration: none; text-align: left; --qode-cf-font-size: 17px; --qode-cf-line-height: 32px; --qode-cf-font-size-1440: 17px; --qode-cf-line-height-1440: 32px; --qode-cf-font-size-1366: 17px; --qode-cf-line-height-1366: 32px; --qode-cf-font-size-1280: 17px; --qode-cf-line-height-1280: 32px; --qode-cf-font-size-1024: 17px; --qode-cf-line-height-1024: 32px; --qode-cf-font-size-768: 17px; --qode-cf-line-height-768: 32px; --qode-cf-font-size-680: 17px; --qode-cf-line-height-680: 32px; --qode-cf-font-size-480: 17px; --qode-cf-line-height-480: 32px;\">Die Hegg und Partner Immobilien AG \u2013 Ihr vertrauensvoller Partner f\u00fcr nachhaltige Immobilienentwicklung und individuelle Betreuung.<\/div>\t\t\t\t<\/div>\n\t\t\t\t<\/div>\n\t\t\t\t<\/div>\n\t\t<div class=\"elementor-element elementor-element-051f488 e-con-full e-flex parallax_section_no qode_elementor_container_no e-con e-child\" data-id=\"051f488\" data-element_type=\"container\" data-e-type=\"container\" data-settings=\"{&quot;background_background&quot;:&quot;classic&quot;}\">\n\t\t<div class=\"elementor-element elementor-element-440f8dc e-con-full e-flex parallax_section_no qode_elementor_container_no e-con e-child\" data-id=\"440f8dc\" data-element_type=\"container\" data-e-type=\"container\">\n\t\t\t\t<\/div>\n\t\t<div class=\"elementor-element elementor-element-77a87b3 e-con-full e-flex parallax_section_no qode_elementor_container_no e-con e-child\" data-id=\"77a87b3\" data-element_type=\"container\" data-e-type=\"container\">\n\t\t\t\t<div class=\"elementor-element elementor-element-5f31ca3 elementor-align-right elementor-mobile-align-center elementor-widget elementor-widget-button\" data-id=\"5f31ca3\" data-element_type=\"widget\" data-e-type=\"widget\" data-widget_type=\"button.default\">\n\t\t\t\t\t\t\t\t\t\t<a class=\"elementor-button elementor-button-link elementor-size-sm\" href=\"mailto:stina.kistler-hegg@hegg.ch\">\n\t\t\t\t\t\t<span class=\"elementor-button-content-wrapper\">\n\t\t\t\t\t\t\t\t\t<span class=\"elementor-button-text\">Kontakt<\/span>\n\t\t\t\t\t<\/span>\n\t\t\t\t\t<\/a>\n\t\t\t\t\t\t\t\t<\/div>\n\t\t\t\t<\/div>\n\t\t<div class=\"elementor-element elementor-element-5eadefd e-con-full e-flex parallax_section_no qode_elementor_container_no e-con e-child\" data-id=\"5eadefd\" data-element_type=\"container\" data-e-type=\"container\">\n\t\t\t\t<div class=\"elementor-element elementor-element-a889930 elementor-align-right elementor-mobile-align-center elementor-widget elementor-widget-button\" data-id=\"a889930\" data-element_type=\"widget\" data-e-type=\"widget\" data-widget_type=\"button.default\">\n\t\t\t\t\t\t\t\t\t\t<a class=\"elementor-button elementor-button-link elementor-size-sm\" href=\"#elementor-action%3Aaction%3Dpopup%3Aopen%26settings%3DeyJpZCI6IjEwNDAzIiwidG9nZ2xlIjpmYWxzZX0%3D\">\n\t\t\t\t\t\t<span class=\"elementor-button-content-wrapper\">\n\t\t\t\t\t\t\t\t\t<span class=\"elementor-button-text\">Impressum<\/span>\n\t\t\t\t\t<\/span>\n\t\t\t\t\t<\/a>\n\t\t\t\t\t\t\t\t<\/div>\n\t\t\t\t<\/div>\n\t\t<div class=\"elementor-element elementor-element-4246cf5 e-con-full e-flex parallax_section_no qode_elementor_container_no e-con e-child\" data-id=\"4246cf5\" data-element_type=\"container\" data-e-type=\"container\">\n\t\t\t\t<div class=\"elementor-element elementor-element-4b7838d elementor-align-right elementor-mobile-align-center elementor-widget elementor-widget-button\" data-id=\"4b7838d\" data-element_type=\"widget\" data-e-type=\"widget\" data-widget_type=\"button.default\">\n\t\t\t\t\t\t\t\t\t\t<a class=\"elementor-button elementor-button-link elementor-size-sm\" href=\"#elementor-action%3Aaction%3Dpopup%3Aopen%26settings%3DeyJpZCI6IjEwNDYyIiwidG9nZ2xlIjpmYWxzZX0%3D\">\n\t\t\t\t\t\t<span class=\"elementor-button-content-wrapper\">\n\t\t\t\t\t\t\t\t\t<span class=\"elementor-button-text\">Datenschutz<\/span>\n\t\t\t\t\t<\/span>\n\t\t\t\t\t<\/a>\n\t\t\t\t\t\t\t\t<\/div>\n\t\t\t\t<\/div>\n\t\t\t\t<\/div>\n\t\t\t\t\t<\/div>\n\t\t\t\t<\/div>\n\t\t\t\t<\/div>\n\t\t","protected":false},"excerpt":{"rendered":"<p>ABOUT US Liegenschaften begeistern uns. Seit f\u00fcnf Generationen sind wir als Handwerker, Bauherren und Verk\u00e4ufer mit Begeisterung in den Liegenschaften vertreten. Kompetenz seit 2017 Die Hegg und Partner Immobilien AG wurde im Jahr 2017 gegr\u00fcndet und hat ihren Sitz in M\u00fcnchenbuchsee. Pr\u00e4sidentin der AG ist&#8230;<\/p>\n","protected":false},"author":1,"featured_media":0,"parent":0,"menu_order":0,"comment_status":"closed","ping_status":"closed","template":"full_width.php","meta":{"footnotes":""},"class_list":["post-19","page","type-page","status-publish","hentry"],"_links":{"self":[{"href":"https:\/\/hegg-immobilien.ch\/index.php?rest_route=\/wp\/v2\/pages\/19","targetHints":{"allow":["GET"]}}],"collection":[{"href":"https:\/\/hegg-immobilien.ch\/index.php?rest_route=\/wp\/v2\/pages"}],"about":[{"href":"https:\/\/hegg-immobilien.ch\/index.php?rest_route=\/wp\/v2\/types\/page"}],"author":[{"embeddable":true,"href":"https:\/\/hegg-immobilien.ch\/index.php?rest_route=\/wp\/v2\/users\/1"}],"replies":[{"embeddable":true,"href":"https:\/\/hegg-immobilien.ch\/index.php?rest_route=%2Fwp%2Fv2%2Fcomments&post=19"}],"version-history":[{"count":270,"href":"https:\/\/hegg-immobilien.ch\/index.php?rest_route=\/wp\/v2\/pages\/19\/revisions"}],"predecessor-version":[{"id":10640,"href":"https:\/\/hegg-immobilien.ch\/index.php?rest_route=\/wp\/v2\/pages\/19\/revisions\/10640"}],"wp:attachment":[{"href":"https:\/\/hegg-immobilien.ch\/index.php?rest_route=%2Fwp%2Fv2%2Fmedia&parent=19"}],"curies":[{"name":"wp","href":"https:\/\/api.w.org\/{rel}","templated":true}]}}